{"id":4507,"date":"2025-05-27T15:11:45","date_gmt":"2025-05-27T13:11:45","guid":{"rendered":"https:\/\/derpixelnaut.com\/_em\/?page_id=4507"},"modified":"2025-05-27T15:14:36","modified_gmt":"2025-05-27T13:14:36","slug":"data-protection-declaration","status":"publish","type":"page","link":"https:\/\/derpixelnaut.com\/_em\/en\/data-protection-declaration\/","title":{"rendered":"Data protection declaration"},"content":{"rendered":"<div  class='flex_column av-m44dsfmc-dbe06d55a806dbc1db982ad9d2853549 av_one_full  avia-builder-el-0  el_before_av_one_full  avia-builder-el-first  first no_margin flex_column_div  '     ><section  class='av_textblock_section av-m44ckw6b-11103b185ef230c21a17c53a63e7139d '   itemscope=\"itemscope\" itemtype=\"https:\/\/schema.org\/CreativeWork\" ><div class='avia_textblock scrolllangtext datenoben'  itemprop=\"text\" ><h3><strong>Datenschutzbestimmung<\/strong><\/h3>\n<ol class=\"daten1\" start=\"1\">\n<li>\n<h5>Allgemeine Hinweise<\/h5>\n<\/li>\n<p>Die AS Concept GmbH &#038; Co. Projektmanagement KG freut sich, dass Sie unsere Website besuchen. Datenschutz und Datensicherheit bei der Nutzung unserer Website sind uns sehr wichtig. Wir verpflichten uns daher, Ihre Privatsph\u00e4re zu sch\u00fctzen und Ihre Daten vertraulich zu behandeln. Wir m\u00f6chten Sie an dieser Stelle informieren, welche Ihrer personenbezogenen Daten wir in Bezug auf Ihren Besuch unserer Website erfassen und f\u00fcr welche Zwecke diese genutzt werden.<\/ol>\n<ol>Da Gesetzes\u00e4nderungen eine Anpassung dieser Datenschutzerkl\u00e4rung erforderlich machen k\u00f6nnen, bitten wir Sie, diese Datenschutzerkl\u00e4rung regelm\u00e4\u00dfig durchzulesen. Alle Adressen, die wir auf unseren Internetseiten ver\u00f6ffentlichen, dienen ausschlie\u00dflich Informationszwecken. Eine kommerzielle Verwendung durch Dritte ist nicht gestattet.<\/ol>\n<ol class=\"daten2\"  start=\"2\">\n<li>\n<h5>Erhebung und Speicherung personenbezogener Daten<\/strong><\/h5>\n<ol class=\"alpha\" start=\"1\" type=\"a\">\n<li><strong>Beim Besuch der Website<\/strong><\/li>\n<p>Beim Aufrufen unserer Website www.esital-mallorca.com werden durch den auf Ihrem Endger\u00e4t zum Einsatz kommenden Browser automatisch Informationen an den Server unserer Website gesendet. Diese Informationen werden tempor\u00e4r in einem sog. Logfile gespeichert. Folgende Informationen werden dabei ohne Ihr Zutun erfasst und bis zur automatisierten L\u00f6schung gespeichert:<\/p>\n<ul>\n<li>>IP-Adresse des anfragenden Rechners,<\/li>\n<li>Datum und Uhrzeit des Zugriffs,<\/li>\n<li>Name und URL der abgerufenen Datei,<\/li>\n<li>Website, von der aus der Zugriff erfolgt (Referrer-URL),<\/li>\n<li>verwendeter Browser und ggf. das Betriebssystem Ihres Rechners sowie der Name Ihres Access-Providers.<\/li>\n<\/ul>\n<p>Die genannten Daten werden durch uns zu folgenden Zwecken verarbeitet:<\/p>\n<ul>\n<li>Gew\u00e4hrleistung eines reibungslosen Verbindungsaufbaus der Website,<\/li>\n<li>Gew\u00e4hrleistung einer komfortablen Nutzung unserer Website,<\/li>\n<li>Auswertung der Systemsicherheit und -stabilit\u00e4t sowie<\/li>\n<li>zu weiteren administrativen Zwecken.<\/li>\n<\/ul>\n<p>Die Rechtsgrundlage f\u00fcr die Datenverarbeitung ist Art. 6 Abs. 1&nbsp;S. 1&nbsp; lit. f&nbsp;DSGVO. Unser berechtigtes Interesse folgt aus oben aufgelisteten&nbsp;Zwecken zur Datenerhebung. In keinem Fall verwenden wir die erhobenen Daten zu dem Zweck, R\u00fcckschl\u00fcsse auf Ihre Person zu ziehen. Dar\u00fcber&nbsp;hinaus setzen wir beim Besuch unserer Website Cookies sowie Analyse-Dienste ein. N\u00e4here Erl\u00e4uterungen dazu erhalten Sie unter den Ziff. 4 und&nbsp;5 dieser Datenschutzerkl\u00e4rung.<\/ol>\n<ol class=\"alpha\" start=\"2\" type=\"a\">\n<li><strong>Bei Nutzung unseres Kontaktformulars<\/strong><\/li>\n<p>Bei Fragen jeglicher Art bieten wir Ihnen die M\u00f6glichkeit, mit uns \u00fcber ein auf der Website bereitgestelltes Formular Kontakt aufzunehmen. Dabei&nbsp;ist&nbsp;die&nbsp;Angabe einer g\u00fcltigen E- Mail-Adresse erforderlich, damit wir wissen, von wem die Anfrage stammt und um&nbsp;diese beantworten&nbsp;zu k\u00f6nnen.&nbsp; Weitere Angaben k\u00f6nnen&nbsp;freiwillig get\u00e4tigt werden. Die Datenverarbeitung zum&nbsp;Zwecke der&nbsp;Kontaktaufnahme mit uns erfolgt nach&nbsp;Art. 6 Abs. 1 S.1 lit. a DSGVO auf Grundlage Ihrer freiwillig erteilten Einwilligung. Die f\u00fcr die Benutzung des Kontaktformulars&nbsp;von uns erhobenen personenbezogenen Daten werden nach Erledigung der von Ihnen&nbsp;gestellten Anfrage automatisch gel\u00f6scht.<\/li>\n<\/ol>\n<\/ol>\n<p>&nbsp;<\/p>\n<\/div><\/section><\/div>\n\n\n<div  class='flex_column av-m44drlhn-bdc44960f5ed6cc7ceff6637a7f17c81 av_one_full  avia-builder-el-2  el_after_av_one_full  el_before_av_one_full  first no_margin flex_column_div  column-top-margin'     ><section  class='av_textblock_section av-m44ctsdu-26954b9b15e48e6cad2f3dfc7e2916e1 '   itemscope=\"itemscope\" itemtype=\"https:\/\/schema.org\/CreativeWork\" ><div class='avia_textblock scrolllangtext marginlang'  itemprop=\"text\" ><ol class=\"daten3\" start=\"3\">\n<li>\n<h5>Art und Zweck der Verwendung personenbezogener Daten<\/h5>\n<\/li>\n<ol class=\"alpha\" start=\"1\" type=\"a\">\n<li>\n<h5><strong>Wir k\u00f6nnen Ihre pers\u00f6nlichen Daten verwenden, um Sie zu kontaktieren,<\/strong><\/h5>\n<\/li>\n<ul>\n<li>wenn es dringende Sicherheits- oder Produktr\u00fcckrufhinweise gibt, die wir Ihnen mitteilen m\u00fcssen, oder<\/li>\n<li>wenn wir anderweitig vern\u00fcnftigerweise annehmen, dass die Verarbeitung Ihrer pers\u00f6nlichen Daten einen m\u00f6glichen Schaden f\u00fcr Sie verhindern oder verringern wird. Es liegt in Ihrem Interesse, dass wir Ihre pers\u00f6nlichen Daten auf diese Weise verwenden;<\/li>\n<li>zur Verh\u00fctung von Betrug und anderen kriminellen Aktivit\u00e4ten;<\/li>\n<li>Bonit\u00e4tspr\u00fcfungen f\u00fcr die Finanzierung durchzuf\u00fchren;<\/li>\n<li>um mit Ihnen zu korrespondieren und zu kommunizieren;<\/li>\n<li>um ein besseres Verst\u00e4ndnis f\u00fcr Sie als Kunde oder Besucher zu schaffen;<\/li>\n<li>f\u00fcr Netzwerk- und Informationssicherheit, damit wir Ihre Daten vor Verlust oder Besch\u00e4digung, Diebstahl oder unberechtigtem Zugriff sch\u00fctzen k\u00f6nnen;<\/li>\n<li>um einer&nbsp;&nbsp; Anfrage&nbsp;&nbsp; von&nbsp;&nbsp; Ihnen&nbsp;&nbsp; im&nbsp;&nbsp; Zusammenhang&nbsp;&nbsp; mit&nbsp;&nbsp; der&nbsp;&nbsp; Aus\u00fcbung&nbsp;&nbsp; Ihrer&nbsp;&nbsp; Rechte nachzukommen&nbsp;(z.B.&nbsp; wenn&nbsp;Sie&nbsp;uns&nbsp;gebeten&nbsp;haben, Sie&nbsp;nicht&nbsp;zu&nbsp;Marketingzwecken&nbsp;zu kontaktieren, werden wir dies auf unseren Unterdr\u00fcckungslisten vermerken, um Ihrer Anfrage nachkommen zu k\u00f6nnen);<\/li>\n<li>zum Zwecke der Unternehmensumstrukturierung oder des Verkaufs unseres Unternehmens oder unserer Verm\u00f6genswerte;<\/li>\n<li>f\u00fcr die Effizienz, Genauigkeit oder andere Verbesserungen unserer Datenbanken und Systeme, z.B. durch die Kombination von Systemen oder die Konsolidierung von Datens\u00e4tzen, die wir \u00fcber Sie f\u00fchren;<\/li>\n<li>zur Durchsetzung oder zum Schutz unserer vertraglichen oder sonstigen gesetzlichen Rechte oder zur Einleitung oder Verteidigung von Gerichtsverfahren;<\/li>\n<li>f\u00fcr die allgemeine Verwaltung einschlie\u00dflich der Verwaltung Ihrer Anfragen, Beschwerden oder Reklamationen und das Versenden von Servicemeldungen an Sie.<\/li>\n<\/ul>\n<\/ol>\n<ol class=\"alpha\" start=\"2\" type=\"a\">\n<li>\n<h5>Wir k\u00f6nnen Ihre personenbezogenen Daten verwenden und verarbeiten, wenn Sie uns hierzu Ihre Einwilligung erteilt haben:<\/h5>\n<\/li>\n<ul>\n<li>Brosch\u00fcren und anderes Material, das Sie speziell von uns angefordert haben, zur Verf\u00fcgung zu stellen;<\/li>\n<li>um Sie per E-Mail, SMS, Post oder Telefon mit Marketinginformationen \u00fcber unsere Produkte und Dienstleistungen zu kontaktieren&nbsp;(weitere Informationen finden Sie im Abschnitt Marketing weiter unten);<\/li>\n<\/ul>\n<\/ol>\n<ol class=\"alpha\" start=\"3\" type=\"a\">\n<li>\n<h5>Wie lange bewahren wir Ihre personenbezogenen Daten auf:<\/h5>\n<\/li>\n<ol start=\"1\" type=\"a\">\n<li>Die Dauer der Speicherung wird vom Zweck und den gesetzlichen Vorgaben bestimmt.<\/li>\n<li>Wir speichern personenbezogene Daten nicht l\u00e4nger als n\u00f6tig in einem identifizierbaren Format.<\/li>\n<li>Wir k\u00f6nnen Ihre personenbezogenen Daten ben\u00f6tigen, um rechtliche Anspr\u00fcche geltend zu machen oder uns zu verteidigen. Ihre personenbezogenen Daten werden wir grunds\u00e4tzlich maximal 10 Jahre aufbewahren. Von dieser Frist kann abgewichen werden,\n<ul>\n<li>wenn wir gesetzlich verpflichtet sind, die Daten f\u00fcr einen l\u00e4ngeren Zeitraum aufzubewahren oder fr\u00fcher l\u00f6schen m\u00fcssen,<\/li>\n<li>Sie beantragen, die Daten zu l\u00f6schen und wir nicht verpflichtet oder berechtigt sind, die Daten aufzubewahren.<\/li>\n<\/ul>\n<\/ol>\n<\/ol>\n<\/ol>\n<p>&nbsp;<br \/>\n&nbsp;<\/p>\n<\/div><\/section><\/div>\n\n\n<div  class='flex_column av-m44duahh-b3c3158fd9ed58d5d719bc24e76cda6b av_one_full  avia-builder-el-4  el_after_av_one_full  el_before_av_one_full  first no_margin flex_column_div  column-top-margin'     ><section  class='av_textblock_section av-m44d0ex1-e49dc1e50f598236fa00fd18169d323f '   itemscope=\"itemscope\" itemtype=\"https:\/\/schema.org\/CreativeWork\" ><div class='avia_textblock scrolllangtext marginlang'  itemprop=\"text\" ><ol class=\"daten4\" start=\"4\">\n<li>\n<h5>Betroffenenrechte<\/h5>\n<\/li>\n<p>Sie haben das Recht:<\/p>\n<ul>\n<li>gem\u00e4\u00df Art. 15 DSGVO Auskunft \u00fcber Ihre von uns verarbeiteten personenbezogenen Daten zu verlangen. Insbesondere k\u00f6nnen Sie Auskunft \u00fcber die Verarbeitungszwecke, die Kategorie der personenbezogenen Daten, die Kategorien von Empf\u00e4ngern, gegen\u00fcber denen Ihre Daten offengelegt wurden oder werden, die geplante Speicherdauer, das Bestehen eines Rechts auf Berichtigung, L\u00f6schung, Einschr\u00e4nkung der&nbsp; Verarbeitung oder Widerspruch, das Bestehen eines Beschwerderechts, die Herkunft&nbsp; ihrer Daten, sofern diese nicht bei uns erhoben wurden, sowie \u00fcber das Bestehen einer automatisierten Entscheidungsfindung einschlie\u00dflich Profiling und ggf. aussagekr\u00e4ftigen Informationen zu deren Einzelheiten verlangen;<\/li>\n<li>gem\u00e4\u00df Art. 16 DSGVO unverz\u00fcglich die Berichtigung unrichtiger oder Vervollst\u00e4ndigung Ihrer bei uns&nbsp;gespeicherten personenbezogenen Daten zu verlangen;<\/li>\n<li>gem\u00e4\u00df Art. 17 DSGVO die L\u00f6schung Ihrer bei uns gespeicherten personenbezogenen Daten zu verlangen, soweit nicht die Verarbeitung zur Aus\u00fcbung des Rechts auf freie Meinungs\u00e4u\u00dferung und Information, zur Erf\u00fcllung einer rechtlichen Verpflichtung, aus Gr\u00fcnden des \u00f6ffentlichen Interesses oder zur Geltendmachung, Aus\u00fcbung&nbsp;oder Verteidigung von Rechtsanspr\u00fcchen erforderlich ist;<\/li>\n<li>gem\u00e4\u00df Art. 18 DSGVO die Einschr\u00e4nkung der Verarbeitung Ihrer personenbezogenen Daten zu verlangen, soweit die Richtigkeit der Daten von Ihnen&nbsp;bestritten wird, die Verarbeitung unrechtm\u00e4\u00dfig ist, Sie aber deren&nbsp;L\u00f6schung ablehnen und wir die Daten nicht mehr ben\u00f6tigen, Sie&nbsp;jedoch diese zur Geltendmachung, Aus\u00fcbung oder Verteidigung von Rechtsanspr\u00fcchen ben\u00f6tigen oder Sie gem\u00e4\u00df Art. 21 DSGVO&nbsp;Widerspruch gegen die Verarbeitung eingelegt haben;<\/li>\n<li>gem\u00e4\u00df Art. 20 DSGVO Ihre personenbezogenen Daten, die Sie uns bereitgestellt haben, in einem strukturierten, g\u00e4ngigen und maschinenlesebaren Format zu erhalten oder die \u00dcbermittlung an einen anderen Verantwortlichen zu verlangen;<\/li>\n<li>gem\u00e4\u00df Art. 7 Abs. 3 DSGVO Ihre einmal erteilte Einwilligung jederzeit gegen\u00fcber uns zu widerrufen. Dies hat zur Folge, dass wir die Datenverarbeitung, die auf dieser Einwilligung beruhte, f\u00fcr die Zukunft nicht mehr fortf\u00fchren d\u00fcrfen und<\/li>\n<li>gem\u00e4\u00df Art. 77 DSGVO sich bei einer Aufsichtsbeh\u00f6rde zu beschweren. In der Regel k\u00f6nnen Sie sich hierf\u00fcr an die Aufsichtsbeh\u00f6rde Ihres \u00fcblichen Aufenthaltsortes oder Arbeitsplatzes oder unseres Kanzleisitzes wenden.<\/li>\n<\/ul>\n<\/ol>\n<p>&nbsp;<br \/>\n&nbsp;<\/p>\n<\/div><\/section><\/div>\n\n\n<div  class='flex_column av-m44duq81-75f4217864031ea00b9dbca8c8e1536d av_one_full  avia-builder-el-6  el_after_av_one_full  el_before_av_one_full  first no_margin flex_column_div  column-top-margin'     ><section  class='av_textblock_section av-m44d3q90-adad3dacd11e4a951b5ade2b3acbff75 '   itemscope=\"itemscope\" itemtype=\"https:\/\/schema.org\/CreativeWork\" ><div class='avia_textblock scrolllangtext marginlang'  itemprop=\"text\" ><ol class=\"daten5\" start=\"5\">\n<li>\n<h5>Widerruf der Einwilligung und Widerspruchsrecht<\/h5>\n<p>Sie k\u00f6nnen jederzeit Ihre Einwilligung in die Verarbeitung und Speicherung Ihrer personenbezogenen Daten uns gegen\u00fcber widerrufen. F\u00fcr einen Widerruf gen\u00fcgt ein formloses Schreiben oder eine E-Mail an: <a href=\"mailto:info@as-concept.de\">info@as-concept.de<\/a><\/p>\n<p>Gleiches gilt, wenn Sie gem. Artikel 21 DSGVO Widerspruch gegen die Verarbeitung Ihrer personenbezogenen Daten einlegen und daf\u00fcr Gr\u00fcnde vorlegen, die sich aus Ihrer besonderen Situation ergeben oder sich der Widerspruch gegen Direktwerbung richtet. Im letzten Fall wird der Widerspruch ohne zus\u00e4tzliche Angaben von uns umgesetzt.<\/li>\n<\/ol>\n<p>&nbsp;<br \/>\n&nbsp;<\/p>\n<ol class=\"daten6\" start=\"6\">\n<li>\n<h5>Sicherungsma\u00dfnahmen zum Schutz der bei uns gespeicherten Daten<\/h5>\n<p>Sofern wir personenbezogene Daten erheben, speichern wir diese auf besonders gesch\u00fctzten Servern in Deutschland oder in der Europ\u00e4ischen Union. Der Zugriff darauf ist nur wenigen besonders befugten Personen m\u00f6glich, die mit der technischen, kaufm\u00e4nnischen oder redaktionellen&nbsp;Betreuung befasst sind. Um einen Verlust oder Missbrauch der Daten zu vermeiden, treffen wir umfangreiche, technische und betriebliche Sicherheitsvorkehrungen, die regelm\u00e4\u00dfig \u00fcberpr\u00fcft und dem technischen Fortschritt angepasst werden. Wir weisen Sie jedoch darauf hin, dass es aufgrund der Struktur des Internets m\u00f6glich ist, dass die Regeln des Datenschutzes und die o.g. Sicherungsma\u00dfnahmen von anderen, nicht im Verantwortungsbereich von uns liegenden Personen oder Institutionen nicht beachtet werden. Insbesondere k\u00f6nnen unverschl\u00fcsselt preisgegebene Daten \u2013 auch wenn dies per E-Mail erfolgt \u2013 von Dritten mitgelesen werden. Wir haben technisch darauf keinen Einfluss. Es liegt in Ihrem Verantwortungsbereich, die von Ihnen zur Verf\u00fcgung gestellten Daten durch Verschl\u00fcsselung oder in sonstiger Weise gegen Missbrauch zu sch\u00fctzen.<\/span><\/li>\n<\/ol>\n<p>&nbsp;<br \/>\n&nbsp;<\/p>\n<\/div><\/section><\/div>\n\n\n<div  class='flex_column av-m44dv26x-f023372d24bfb02d587584c8057bd1bd av_one_full  avia-builder-el-8  el_after_av_one_full  el_before_av_one_full  first no_margin flex_column_div  column-top-margin'     ><section  class='av_textblock_section av-m44d77f7-ad58edcde80951116f056a19a01b2015 '   itemscope=\"itemscope\" itemtype=\"https:\/\/schema.org\/CreativeWork\" ><div class='avia_textblock scrolllangtext marginlang'  itemprop=\"text\" ><ol class=\"daten7\" start=\"7\">\n<li>\n<h5>Cookies und Web-Tracking<\/strong><\/h5>\n<\/li>\n<ol class=\"alpha\" start=\"1\">\n<li><strong>Cookies<\/strong><br \/>\nUm unseren Internetauftritt benutzerfreundlich zu gestalten und optimal auf Ihre Bed\u00fcrfnisse abzustimmen, setzen wir in einigen Bereichen Cookies ein. \u201eCookies\u201c sind kleine Textdateien, die lokal auf der Festplatte Ihres Computers abgelegt und f\u00fcr einen sp\u00e4teren Abruf bereitgehalten werden, um Ihnen die Benutzung unserer Online-Angebote zu erleichtern. Au\u00dferdem erm\u00f6glichen Cookies die Analyse der Benutzung unserer Websites durch Sie. Nach Beendigung Ihres Besuchs und Beenden des von Ihnen verwendeten Internetbrowsers werden die meisten Cookies&nbsp;automatisch&nbsp;gel\u00f6scht&nbsp;(sog.&nbsp; SitzungsCookies). Andere&nbsp;Cookies&nbsp;verbleiben&nbsp;auf&nbsp;Ihrem Endger\u00e4t und erm\u00f6glichen uns, Ihren Browser beim n\u00e4chsten Besuch wiederzuerkennen (persistente Cookies). Die Installation von Cookies k\u00f6nnen Sie, wie unter c.) (Einwilligung und Ablehnung von Cookies) beschrieben, durch \u00c4nderung der Einstellungen Ihrer Browser Software bestimmen. Allerdings k\u00f6nnen Sie dann nicht mehr alle Funktionen unserer Website nutzen.<\/li>\n<\/ol>\n<ol class=\"alpha\" start=\"2\">\n<li><strong>Anonymysiertes Web-Tracking Google Analytics<\/strong><br \/>\nUnserer Website benutzt Google Analytics, einen Webanalysedienst der Google Inc., USA (\u201eGoogle\u201c).&nbsp; Google Analytics verwendet Cookies&nbsp;und&nbsp;Z\u00e4hlpixel, die auf Ihrem Computer gespeichert werden und die eine Analyse der Benutzung der Website durch Sie erm\u00f6glichen. Die erzeugten Informationen \u00fcber Ihre Benutzung unserer Website werden in der Regel an einen Server von Google \u00fcbertragen und dort gespeichert. Durch die Aktivierung der IP-Anonymisierung auf&nbsp;unserer&nbsp;Webseite, wird&nbsp;Ihre&nbsp;IP-Adresse&nbsp;von&nbsp;Google&nbsp;jedoch&nbsp;regelm\u00e4\u00dfig&nbsp;innerhalb&nbsp;von Mitgliedstaaten der Europ\u00e4ischen Union oder in anderen Vertragsstaaten des Abkommens \u00fcber den Europ\u00e4ischen&nbsp;Wirtschaftsraum&nbsp;zuvor&nbsp;gek\u00fcrzt. Nur in&nbsp;Ausnahmef\u00e4llen wird die volle IP- Adresse an einen Server von Google in den USA \u00fcbertragen und dort gek\u00fcrzt. In unserem Auftrag wird Google diese Informationen benutzen, um Ihre Nutzung der Website anonymisiert auszuwerten, um Reports \u00fcber die Websiteaktivit\u00e4ten zusammenzustellen und um weitere mit der Websitenutzung und der Internetnutzung verbundene Dienstleistungen f\u00fcr uns zu erbringen. Die im Rahmen von Google Analytics von Ihrem Browser \u00fcbermittelte gek\u00fcrzte IP-Adresse wird nicht mit anderen Daten von Google zusammengef\u00fchrt. Sie k\u00f6nnen dar\u00fcber hinaus die Erfassung der durch das Cookie erzeugten und auf Ihre Nutzung der Website bezogenen Daten (inkl. Ihrer gek\u00fcrzten IP-Adresse) an Google sowie die Verarbeitung dieser Daten durch Google verhindern, indem sie das unter dem Link&nbsp;<a href=\"http:\/\/tools.google.com\/dlpage\/gaoptout?hl=de\">http:\/\/tools.google.com\/dlpage\/gaoptou<\/a><a href=\"http:\/\/tools.google.com\/dlpage\/gaoptout?hl=de\">t?hl=de<\/a> verf\u00fcgbare Browser- Plugin herunterladen und installieren, oder wie unter c.) (Einwilligung&nbsp; und Ablehnung von Cookies) beschrieben, die Einstellung Ihrer Browser Software bestimmen.Opt-Out-Cookies verhindern die zuk\u00fcnftige Erfassung Ihrer Daten beim Besuch dieser Website. Um die Erfassung durch Google Analytics \u00fcber verschiedene Ger\u00e4te hinweg zu verhindern, m\u00fcssen Sie das Opt-Out auf allen genutzten Systemen durchf\u00fchren. Hier gehts zum Opt-Out:Hier klicken und man ist bei Google Analytics abgemeldet<\/li>\n<\/ol>\n<ol class=\"alpha\"  start=\"3\">\n<li><strong>Einwilligung oder Ablehnung von Cookies<\/strong><br \/>\nDie Einwilligung oder Ablehnung von Cookies \u2013 auch f\u00fcr Webtracking \u2013 k\u00f6nnen Sie \u00fcber die Einstellungen Ihres Webbrowsers erkl\u00e4ren. Sie k\u00f6nnen Ihren Webbrowser so einstellen, dass er Sie beim Setzen von Cookies benachrichtigt oder Cookies generell ablehnt. Allerdings k\u00f6nnen Sie dann nicht mehr alle Funktionen unserer Website nutzen. \u00dcber die folgenden Links k\u00f6nnen Sie sich \u00fcber diese M\u00f6glichkeit f\u00fcr die am meisten verwendeten Browser informieren:<\/p>\n<p>Microsoft Edge: <a href=\"https:\/\/support.microsoft.com\/de-de\/windows\/verwalten-von-cookies-in-microsoft-edge-anzeigen-zulassen-blockieren-l\u00f6schen-und-verwenden-168dab11-0753-043d-7c16-ede5947fc64d\" target=\"_blank\">https:\/\/support.microsoft.com\/de\u2013de\/windows\/verwalten\u2013von\u2013cookies\u2013in\u2013microsoft\u2013edge\u2013anzeigen\u2013zulassen\u2013blockieren\u2013l\u00f6schen\u2013und\u2013verwenden<\/a><\/p>\n<p>Firefox: <a href=\"http:\/\/support.mozilla.org\/de\/kb\/cookies-informationen-websites-auf-ihrem-computer\" target=\"_blank\">https:\/\/support.mozilla.org\/de\/kb\/cookies\u2013informationen\u2013websites\u2013auf\u2013ihrem\u2013computer<\/a><\/p>\n<p>Google Chrome: <a href=\"http:\/\/support.google.com\/chrome\/bin\/answer.py?hl=de&#038;answer=95647\" target=\"_blank\">https:\/\/support.google.com\/chrome\/bin\/answer.py?hl=de&#038;answer=95647<\/a><\/p>\n<p>Opera: <a href=\"http:\/\/help.opera.com\/Linux\/12.10\/de\/cookies.html\" target=\"_blank\">https:\/\/help.opera.com\/Linux\/12.10\/de\/cookies.html<\/a><\/p>\n<p>Safari: <a href=\"https:\/\/support.apple.com\/de-de\/guide\/safari\/ibrw850f6c51\/mac\" target=\"_blank\">https:\/\/support.apple.com\/de\u2013de\/guide\/safari\/ibrw850f6c51\/mac<\/a><\/li>\n<\/ol>\n<\/ol>\n<p>&nbsp;<br \/>\n&nbsp;<\/p>\n<\/div><\/section><\/div>\n\n\n<div  class='flex_column av-m44dvgrf-0f0d0c812102f64fc55733fcdec96cb6 av_one_full  avia-builder-el-10  el_after_av_one_full  avia-builder-el-last  first no_margin flex_column_div  column-top-margin'     ><section  class='av_textblock_section av-m44da3qk-d8e1e8f65c457dd638765476367c9889 '   itemscope=\"itemscope\" itemtype=\"https:\/\/schema.org\/CreativeWork\" ><div class='avia_textblock scrolllangtext marginlang datenunten'  itemprop=\"text\" ><ol class=\"daten8\" start=\"8\">\n<li>\n<h5>Weitergabe an Dritte<\/h5>\n<p>Aufgrund gesetzlicher Vorgaben sind wir in bestimmten F\u00e4llen verpflichtet, Ihre personenbezogenen Daten an Dritte weiterzugeben. Dies ist z.B. der Fall, wenn der Verdacht einer Straftat oder des Missbrauchs unserer Website gegeben ist. Wir sind dann verpflichtet, Ihre Daten an die zust\u00e4ndigen Strafverfolgungsbeh\u00f6rden weiterzugeben. Sofern wir uns f\u00fcr die Erf\u00fcllung der Ihnen gegen\u00fcber bestehenden Vertragspflichten dritter&nbsp;Unternehmen bei der Datenverarbeitung bedienen (sog. Datenverarbeitung im Auftrag), sind diese vertraglich verpflichtet, unter Beachtung&nbsp;der datenschutzrechtlichen Vorschriften und&nbsp;entsprechend&nbsp;unseren Weisungen sorgf\u00e4ltig mit Ihren Daten umzugehen und sie weder zu eigenen Zwecken zu verwenden noch sie an Dritte weiterzugeben.<\/li>\n<\/ol>\n<p>&nbsp;<br \/>\n&nbsp;<\/p>\n<ol class=\"daten9\" start=\"9\">\n<li>\n<h5>Weitere Informationen und Kontakte<\/h5>\n<p>Wenn Sie weitere Fragen zum Thema \u201eDatenschutz\u201c haben, kontaktieren Sie uns bitte. Die Kontaktadresse finden Sie in unserem Impressum oder unter Kontakt. Sie k\u00f6nnen jederzeit erfragen, ob und welche Ihrer Daten bei uns gespeichert sind. Dar\u00fcber hinaus k\u00f6nnen Sie uns Ausk\u00fcnfte, Sperrungs-, L\u00f6schungs- und Berichtigungsw\u00fcnsche hinsichtlich Ihrer personenbezogenen Daten sowie f\u00fcr Widerrufe erteilter Einwilligungen, als auch gerne auch Anregungen per E-Mail oder Brief zusenden.<br \/>\n&nbsp;<br \/>\n<strong>Kontakt:<\/strong><br \/>\nEsital GmbH &#038; Co KG en Espa\u00f1a<br \/>\nCarrer de Isaac Peral 6<br \/>\n07157 Puerto Andratx<br \/>\nTel.: +49(0)XXX<br \/>\nFax.:+49(0)XXX<br \/>\n<a href=\"mailto:info@esital-mallorca.com\">info@esital-mallorca.com<\/a><br \/>\n&nbsp;<br \/>\nStand: Januar 2025<\/li>\n<\/ol>\n<\/div><\/section><\/div>\n","protected":false},"excerpt":{"rendered":"","protected":false},"author":1,"featured_media":0,"parent":0,"menu_order":0,"comment_status":"closed","ping_status":"closed","template":"","meta":{"footnotes":""},"class_list":["post-4507","page","type-page","status-publish","hentry"],"_links":{"self":[{"href":"https:\/\/derpixelnaut.com\/_em\/wp-json\/wp\/v2\/pages\/4507","targetHints":{"allow":["GET"]}}],"collection":[{"href":"https:\/\/derpixelnaut.com\/_em\/wp-json\/wp\/v2\/pages"}],"about":[{"href":"https:\/\/derpixelnaut.com\/_em\/wp-json\/wp\/v2\/types\/page"}],"author":[{"embeddable":true,"href":"https:\/\/derpixelnaut.com\/_em\/wp-json\/wp\/v2\/users\/1"}],"replies":[{"embeddable":true,"href":"https:\/\/derpixelnaut.com\/_em\/wp-json\/wp\/v2\/comments?post=4507"}],"version-history":[{"count":3,"href":"https:\/\/derpixelnaut.com\/_em\/wp-json\/wp\/v2\/pages\/4507\/revisions"}],"predecessor-version":[{"id":4510,"href":"https:\/\/derpixelnaut.com\/_em\/wp-json\/wp\/v2\/pages\/4507\/revisions\/4510"}],"wp:attachment":[{"href":"https:\/\/derpixelnaut.com\/_em\/wp-json\/wp\/v2\/media?parent=4507"}],"curies":[{"name":"wp","href":"https:\/\/api.w.org\/{rel}","templated":true}]}}